{"id":27,"date":"2020-09-26T22:13:26","date_gmt":"2020-09-26T20:13:26","guid":{"rendered":"http:\/\/etudes.harmonie-ing.fr\/?page_id=27"},"modified":"2020-10-04T23:34:18","modified_gmt":"2020-10-04T21:34:18","slug":"a-propos-de","status":"publish","type":"page","link":"https:\/\/etudes.harmonie-ing.fr\/index.php\/a-propos-de\/","title":{"rendered":"\u00c0 propos de"},"content":{"rendered":"\n<p>Le <strong>BET HARMONIE<\/strong> est un bureau d&#8217;\u00e9tudes techniques sp\u00e9cialis\u00e9 dans la conception des installations \u00e9lectriques et domotiques.<\/p>\n\n\n\n<p>Parmi ses r\u00e9alisations, <strong>HARMONIE <\/strong>a pu concevoir de nombreux projets tels que des<strong> ERP<\/strong> (Etablissement Recevant du Public), des <strong>ERT<\/strong> (Etablissement Recevant des Travailleurs), et des <strong>collectifs d&#8217;appartements<\/strong>.<\/p>\n\n\n\n<p>Concr\u00e8tement, nous avons particip\u00e9 \u00e0 l&#8217;\u00e9laboration  de magasins, de centres de loisirs, de complexes h\u00f4teliers, d&#8217;immeubles de bureaux, d&#8217;entrep\u00f4ts, de lieux de cultes et de collectifs d&#8217;habitations.<\/p>\n","protected":false},"excerpt":{"rendered":"<p>Le BET HARMONIE est un bureau d&#8217;\u00e9tudes techniques sp\u00e9cialis\u00e9 dans la conception des installations \u00e9lectriques et domotiques. Parmi ses r\u00e9alisations, HARMONIE a pu concevoir de nombreux projets tels que des ERP (Etablissement Recevant du Public), des ERT (Etablissement Recevant des Travailleurs), et des collectifs d&#8217;appartements. Concr\u00e8tement, nous avons particip\u00e9 \u00e0 l&#8217;\u00e9laboration de magasins, de centres<\/p>\n<div><a class=\"btn-filled btn\" href=\"https:\/\/etudes.harmonie-ing.fr\/index.php\/a-propos-de\/\" title=\"\u00c0 propos de\">Read More<\/a><\/div>\n","protected":false},"author":1,"featured_media":0,"parent":0,"menu_order":0,"comment_status":"closed","ping_status":"closed","template":"","meta":{"spay_email":""},"yoast_head":"<!-- This site is optimized with the Yoast SEO plugin v15.1 - https:\/\/yoast.com\/wordpress\/plugins\/seo\/ -->\n<title>\u00c0 propos de - BET HARMONIE<\/title>\n<meta name=\"robots\" content=\"index, follow, max-snippet:-1, max-image-preview:large, max-video-preview:-1\" \/>\n<link rel=\"canonical\" href=\"https:\/\/etudes.harmonie-ing.fr\/index.php\/a-propos-de\/\" \/>\n<meta property=\"og:locale\" content=\"en_US\" \/>\n<meta property=\"og:type\" content=\"article\" \/>\n<meta property=\"og:title\" content=\"\u00c0 propos de - BET HARMONIE\" \/>\n<meta property=\"og:description\" content=\"Le BET HARMONIE est un bureau d&#8217;\u00e9tudes techniques sp\u00e9cialis\u00e9 dans la conception des installations \u00e9lectriques et domotiques. Parmi ses r\u00e9alisations, HARMONIE a pu concevoir de nombreux projets tels que des ERP (Etablissement Recevant du Public), des ERT (Etablissement Recevant des Travailleurs), et des collectifs d&#8217;appartements. Concr\u00e8tement, nous avons particip\u00e9 \u00e0 l&#8217;\u00e9laboration de magasins, de centresRead More\" \/>\n<meta property=\"og:url\" content=\"https:\/\/etudes.harmonie-ing.fr\/index.php\/a-propos-de\/\" \/>\n<meta property=\"og:site_name\" content=\"BET HARMONIE\" \/>\n<meta property=\"article:modified_time\" content=\"2020-10-04T21:34:18+00:00\" \/>\n<meta name=\"twitter:card\" content=\"summary_large_image\" \/>\n<script type=\"application\/ld+json\" class=\"yoast-schema-graph\">{\"@context\":\"https:\/\/schema.org\",\"@graph\":[{\"@type\":\"WebSite\",\"@id\":\"https:\/\/etudes.harmonie-ing.fr\/#website\",\"url\":\"https:\/\/etudes.harmonie-ing.fr\/\",\"name\":\"BET HARMONIE\",\"description\":\"Au c\\u0153ur de votre r\\u00e9ussite\",\"potentialAction\":[{\"@type\":\"SearchAction\",\"target\":\"https:\/\/etudes.harmonie-ing.fr\/?s={search_term_string}\",\"query-input\":\"required name=search_term_string\"}],\"inLanguage\":\"en-US\"},{\"@type\":\"WebPage\",\"@id\":\"https:\/\/etudes.harmonie-ing.fr\/index.php\/a-propos-de\/#webpage\",\"url\":\"https:\/\/etudes.harmonie-ing.fr\/index.php\/a-propos-de\/\",\"name\":\"\\u00c0 propos de - BET HARMONIE\",\"isPartOf\":{\"@id\":\"https:\/\/etudes.harmonie-ing.fr\/#website\"},\"datePublished\":\"2020-09-26T20:13:26+00:00\",\"dateModified\":\"2020-10-04T21:34:18+00:00\",\"inLanguage\":\"en-US\",\"potentialAction\":[{\"@type\":\"ReadAction\",\"target\":[\"https:\/\/etudes.harmonie-ing.fr\/index.php\/a-propos-de\/\"]}]}]}<\/script>\n<!-- \/ Yoast SEO plugin. -->","_links":{"self":[{"href":"https:\/\/etudes.harmonie-ing.fr\/index.php\/wp-json\/wp\/v2\/pages\/27"}],"collection":[{"href":"https:\/\/etudes.harmonie-ing.fr\/index.php\/wp-json\/wp\/v2\/pages"}],"about":[{"href":"https:\/\/etudes.harmonie-ing.fr\/index.php\/wp-json\/wp\/v2\/types\/page"}],"author":[{"embeddable":true,"href":"https:\/\/etudes.harmonie-ing.fr\/index.php\/wp-json\/wp\/v2\/users\/1"}],"replies":[{"embeddable":true,"href":"https:\/\/etudes.harmonie-ing.fr\/index.php\/wp-json\/wp\/v2\/comments?post=27"}],"version-history":[{"count":6,"href":"https:\/\/etudes.harmonie-ing.fr\/index.php\/wp-json\/wp\/v2\/pages\/27\/revisions"}],"predecessor-version":[{"id":107,"href":"https:\/\/etudes.harmonie-ing.fr\/index.php\/wp-json\/wp\/v2\/pages\/27\/revisions\/107"}],"wp:attachment":[{"href":"https:\/\/etudes.harmonie-ing.fr\/index.php\/wp-json\/wp\/v2\/media?parent=27"}],"curies":[{"name":"wp","href":"https:\/\/api.w.org\/{rel}","templated":true}]}}