{"id":29,"date":"2020-09-26T22:13:26","date_gmt":"2020-09-26T20:13:26","guid":{"rendered":"http:\/\/etudes.harmonie-ing.fr\/?page_id=29"},"modified":"2020-10-05T01:11:27","modified_gmt":"2020-10-04T23:11:27","slug":"blog","status":"publish","type":"page","link":"https:\/\/etudes.harmonie-ing.fr\/index.php\/blog\/","title":{"rendered":"Nos projets"},"content":{"rendered":"\n<p>Parmi ses r\u00e9alisations, <strong>HARMONIE <\/strong>a pu concevoir de nombreux projets tels que des<strong>&nbsp;ERP<\/strong>&nbsp;(Etablissement Recevant du Public), des&nbsp;<strong>ERT<\/strong>&nbsp;(Etablissement Recevant des Travailleurs), et des&nbsp;<strong>collectifs d\u2019appartements<\/strong>.<\/p>\n\n\n\n<p>Concr\u00e8tement, nous avons particip\u00e9 \u00e0 l\u2019\u00e9laboration de magasins, de centres de loisirs, de complexes h\u00f4teliers, d\u2019immeubles de bureaux, d\u2019entrep\u00f4ts, de lieux de cultes et de collectifs d\u2019habitations.<\/p>\n\n\n\n<p><\/p>\n","protected":false},"excerpt":{"rendered":"<p>Parmi ses r\u00e9alisations, HARMONIE a pu concevoir de nombreux projets tels que des&nbsp;ERP&nbsp;(Etablissement Recevant du Public), des&nbsp;ERT&nbsp;(Etablissement Recevant des Travailleurs), et des&nbsp;collectifs d\u2019appartements. Concr\u00e8tement, nous avons particip\u00e9 \u00e0 l\u2019\u00e9laboration de magasins, de centres de loisirs, de complexes h\u00f4teliers, d\u2019immeubles de bureaux, d\u2019entrep\u00f4ts, de lieux de cultes et de collectifs d\u2019habitations.<\/p>\n","protected":false},"author":1,"featured_media":0,"parent":0,"menu_order":0,"comment_status":"closed","ping_status":"closed","template":"","meta":{"spay_email":""},"yoast_head":"<!-- This site is optimized with the Yoast SEO plugin v15.1 - https:\/\/yoast.com\/wordpress\/plugins\/seo\/ -->\n<title>Nos projets - BET HARMONIE<\/title>\n<meta name=\"robots\" content=\"index, follow, max-snippet:-1, max-image-preview:large, max-video-preview:-1\" \/>\n<link rel=\"canonical\" href=\"https:\/\/etudes.harmonie-ing.fr\/index.php\/blog\/\" \/>\n<meta property=\"og:locale\" content=\"en_US\" \/>\n<meta property=\"og:type\" content=\"article\" \/>\n<meta property=\"og:title\" content=\"Nos projets - BET HARMONIE\" \/>\n<meta property=\"og:description\" content=\"Parmi ses r\u00e9alisations, HARMONIE a pu concevoir de nombreux projets tels que des&nbsp;ERP&nbsp;(Etablissement Recevant du Public), des&nbsp;ERT&nbsp;(Etablissement Recevant des Travailleurs), et des&nbsp;collectifs d\u2019appartements. Concr\u00e8tement, nous avons particip\u00e9 \u00e0 l\u2019\u00e9laboration de magasins, de centres de loisirs, de complexes h\u00f4teliers, d\u2019immeubles de bureaux, d\u2019entrep\u00f4ts, de lieux de cultes et de collectifs d\u2019habitations.\" \/>\n<meta property=\"og:url\" content=\"https:\/\/etudes.harmonie-ing.fr\/index.php\/blog\/\" \/>\n<meta property=\"og:site_name\" content=\"BET HARMONIE\" \/>\n<meta property=\"article:modified_time\" content=\"2020-10-04T23:11:27+00:00\" \/>\n<meta name=\"twitter:card\" content=\"summary_large_image\" \/>\n<script type=\"application\/ld+json\" class=\"yoast-schema-graph\">{\"@context\":\"https:\/\/schema.org\",\"@graph\":[{\"@type\":\"WebSite\",\"@id\":\"https:\/\/etudes.harmonie-ing.fr\/#website\",\"url\":\"https:\/\/etudes.harmonie-ing.fr\/\",\"name\":\"BET HARMONIE\",\"description\":\"Au c\\u0153ur de votre r\\u00e9ussite\",\"potentialAction\":[{\"@type\":\"SearchAction\",\"target\":\"https:\/\/etudes.harmonie-ing.fr\/?s={search_term_string}\",\"query-input\":\"required name=search_term_string\"}],\"inLanguage\":\"en-US\"},{\"@type\":\"WebPage\",\"@id\":\"https:\/\/etudes.harmonie-ing.fr\/index.php\/blog\/#webpage\",\"url\":\"https:\/\/etudes.harmonie-ing.fr\/index.php\/blog\/\",\"name\":\"Nos projets - BET HARMONIE\",\"isPartOf\":{\"@id\":\"https:\/\/etudes.harmonie-ing.fr\/#website\"},\"datePublished\":\"2020-09-26T20:13:26+00:00\",\"dateModified\":\"2020-10-04T23:11:27+00:00\",\"inLanguage\":\"en-US\",\"potentialAction\":[{\"@type\":\"ReadAction\",\"target\":[\"https:\/\/etudes.harmonie-ing.fr\/index.php\/blog\/\"]}]}]}<\/script>\n<!-- \/ Yoast SEO plugin. -->","_links":{"self":[{"href":"https:\/\/etudes.harmonie-ing.fr\/index.php\/wp-json\/wp\/v2\/pages\/29"}],"collection":[{"href":"https:\/\/etudes.harmonie-ing.fr\/index.php\/wp-json\/wp\/v2\/pages"}],"about":[{"href":"https:\/\/etudes.harmonie-ing.fr\/index.php\/wp-json\/wp\/v2\/types\/page"}],"author":[{"embeddable":true,"href":"https:\/\/etudes.harmonie-ing.fr\/index.php\/wp-json\/wp\/v2\/users\/1"}],"replies":[{"embeddable":true,"href":"https:\/\/etudes.harmonie-ing.fr\/index.php\/wp-json\/wp\/v2\/comments?post=29"}],"version-history":[{"count":5,"href":"https:\/\/etudes.harmonie-ing.fr\/index.php\/wp-json\/wp\/v2\/pages\/29\/revisions"}],"predecessor-version":[{"id":158,"href":"https:\/\/etudes.harmonie-ing.fr\/index.php\/wp-json\/wp\/v2\/pages\/29\/revisions\/158"}],"wp:attachment":[{"href":"https:\/\/etudes.harmonie-ing.fr\/index.php\/wp-json\/wp\/v2\/media?parent=29"}],"curies":[{"name":"wp","href":"https:\/\/api.w.org\/{rel}","templated":true}]}}